{"id":555,"date":"2022-10-14T12:54:52","date_gmt":"2022-10-14T10:54:52","guid":{"rendered":"https:\/\/nortassociations.fr\/?page_id=555"},"modified":"2022-10-14T12:54:52","modified_gmt":"2022-10-14T10:54:52","slug":"theatre","status":"publish","type":"page","link":"https:\/\/nortassociations.fr\/index.php\/theatre\/","title":{"rendered":"th\u00e9\u00e2tre"},"content":{"rendered":"<div>\n<div dir=\"ltr\">\n<div dir=\"ltr\">\n<div><span style=\"font-size: x-large;\"><b>OIREE THEATRE SOLIDARITE UKRAINE<\/b><\/span><b><span style=\"font-size: x-large;\">samedi 29 octobre 2022 \u00e0 19H30<\/span><br \/>\n<\/b><\/div>\n<div><b>\u00a0<\/b><\/div>\n<div dir=\"ltr\">\n<div dir=\"ltr\">\n<div align=\"center\"><b>Le Comit\u00e9 de Jumelage de Nort sur Erdre vous propose une soir\u00e9e th\u00e9\u00e2tre au b\u00e9n\u00e9fice des r\u00e9fugi\u00e9s Ukrainiens \u00e0 Maieru,<br \/>\n<\/b><\/div>\n<div align=\"center\"><b>notre ville jumelle Roumaine, situ\u00e9e \u00e0 20 km(\u00e0 vol d&rsquo;oiseau) de la fronti\u00e8re Ukrainienne.<\/b><\/div>\n<div align=\"center\"><b>\u00a0<\/b><\/div>\n<div align=\"center\">Salle des Loisirs, \u00e0 Nort-sur-Erdre. Deux troupes, Sc\u00e8n&rsquo;Eclose et les D Gens T, s\u2019associent \u00e0 cette d\u00e9marche solidaire, et pr\u00e9senteront leurs spectacles : \u00ab\u00a0Les Coriaces\u00a0\u00bb \u00e0 19h45 puis \u00ab\u00a0En voiture Simone\u00a0\u00bb \u00e0 20h30. Dur\u00e9e totale 2H00, plus un entracte.<span style=\"font-family: Helvetica Neue, Helvetica, Arial, sans-serif; font-size: medium;\"><span style=\"color: #440062;\">(<span style=\"color: #000000;\"><i>bar et grignotage sur place<\/i><\/span><\/span>)<\/span><\/div>\n<div align=\"center\"><\/div>\n<p align=\"center\">Tarifs: 10.00 euros par personne &#8211; 5.00 euros moins de 12 ans\u00a0(\u00e0 noter que ce spectacle s&rsquo;adresse plut\u00f4t \u00e0 de grands enfants)<\/p>\n<p align=\"center\">R\u00e9servations sur le site Hello Asso \u00e0 l&rsquo;aide du<b>\u00a0lien ci-dessous<\/b>\u00a0ou du\u00a0<b>QR code<\/b>.\u00a0<i>Il y aura \u00e9galement une billetterie sur place, salle des loisirs le 29 octobre d\u00e8s 19h00<\/i>.<\/p>\n<p align=\"center\">\n<div><a href=\"https:\/\/www.helloasso.com\/associations\/comite-de-jumelage-de-nort-sur-erdre\/evenements\/theatre-solidaire\" target=\"_blank\" rel=\"noopener\" data-saferedirecturl=\"https:\/\/www.google.com\/url?q=https:\/\/www.helloasso.com\/associations\/comite-de-jumelage-de-nort-sur-erdre\/evenements\/theatre-solidaire&amp;source=gmail&amp;ust=1665830497395000&amp;usg=AOvVaw0iEKlvqFf9GcbtNk32V0ma\">https:\/\/www.helloasso.com\/<wbr \/>associations\/comite-de-<wbr \/>jumelage-de-nort-sur-erdre\/<wbr \/>evenements\/theatre-solidaire<\/a><\/div>\n<div><\/div>\n<div><\/div>\n<div><\/div>\n<div><\/div>\n<div><\/div>\n<div><\/div>\n<div><\/div>\n<div><img decoding=\"async\" id=\"m_426876570762966452Y1pNJTElJ0bS81exkor0_oo_editor_Editor_4_sandBox\" class=\"CToWUd a6T\" tabindex=\"0\" src=\"https:\/\/mail.google.com\/mail\/u\/0?ui=2&amp;ik=408e949f4a&amp;attid=0.0.1&amp;permmsgid=msg-f:1746556482745434890&amp;th=183d03de0e32830a&amp;view=fimg&amp;fur=ip&amp;sz=s0-l75-ft&amp;attbid=ANGjdJ-_ljiDJVqkF0220rwucrHsQOjZZ_iZ3tW9WymkuohMzVjzV4ksVDhEZd6n63yhYtSRkaiYGPi0-BTrVHEaJY2WUGu-qJ8eMREdJrV4TOQXDTjb4JHYtokTtgQ&amp;disp=emb\" data-image-whitelisted=\"\" data-bit=\"iit\" \/><\/div>\n<\/div>\n<\/div>\n<\/div>\n<\/div>\n<div>\n<div>\n<div>\n<div id=\"m_426876570762966452ydpb0187268yiv6274379959_oo_editor_Editor_4_sandBox\">\n<div dir=\"ltr\">\n<div dir=\"ltr\">\n<div dir=\"ltr\">\n<div dir=\"ltr\">\n<div>\u200b<br \/>\n&nbsp;<\/p>\n<p align=\"center\"><b>La troupe Sc\u00e8n&rsquo;Eclose pr\u00e9sente : Les Coriaces<\/b><\/p>\n<p align=\"center\">Implant\u00e9e \u00e0 Nort sur Erdre depuis 2005, La troupe de th\u00e9\u00e2tre amateur\u00a0met en sc\u00e8ne des pi\u00e8ces de th\u00e9\u00e2tre et participe aux diff\u00e9rentes manifestations culturelles Nortaises.<\/p>\n<p align=\"center\"><b>Sc\u00e8n&rsquo;Eclose<\/b>\u00a0se distingue\u00a0\u00e0 travers des choix originaux, parfois d\u00e9cal\u00e9s, et aime\u00a0surprendre le spectateur. La troupe pr\u00e9sentera son nouveau spectacle \u00ab\u00a0<b>les Coriaces<\/b>\u00a0\u00bb (dur\u00e9e 20 mn).<\/p>\n<p align=\"center\">Cinq com\u00e9diens-nes sur sc\u00e8ne vous emm\u00e8nent dans leur \u00e9trange univers &#8230;\u00a0<i>\u00ab\u00a0C&rsquo;est l&rsquo;abondance, c&rsquo;est la crise, on a tout bouff\u00e9 les oiseaux, les poteaux t\u00e9l\u00e9graphiques, oui on a tout bouff\u00e9\u2026<\/i><\/p>\n<p align=\"center\"><i>mais l&rsquo;amour est toujours pr\u00e9sent car on sait que les amoureux n&rsquo;ont jamais faim\u00a0\u00bb.<\/i><\/p>\n<p align=\"center\"><b>La Troupe des Gens T pr\u00e9sente : En Voiture Simone<\/b>ou Aiguillages<b>!<\/b><\/p>\n<p>Tr\u00e8s attach\u00e9e \u00e0 la ville de Nort sur Erdre et \u00e0 ses valeurs Solidaires,\u00a0la\u00a0<b>Troupe d<\/b><b>es Gens T,\u00a0implant\u00e9e au nord de la Loire Atlantique,<\/b>\u00a0vous\u00a0pr\u00e9sente\u00a0sa derni\u00e8re cr\u00e9ation inspir\u00e9e de sketchs d\u2019auteurs : \u00a0\u00ab\u00a0<b>En Voiture Simone<\/b>\u00a0ou Aiguillages\u00a0\u00bb.<\/p>\n<p>L&rsquo;histoire : \u00ab<i>\u00a0Nous sommes dans une gare, des voyageurs se croisent, des moments de vie\u2026. Qu\u2019attendent-ils ? Un personnage semble les aiguiller\u2026 et apr\u00e8s\u2026En voiture Simone ! Pour l\u2019infini ou plus si n\u00e9cessaire\u2026 \u00bb\u00a0<\/i><\/p>\n<p>Au cours de cette\u00a0com\u00e9die Satyrico-Fantastico-<wbr \/>Philosophique, les dix com\u00e9diens-nes sur sc\u00e8ne vous embarquent dans un\u00a0spectacle porteur d\u2019espoir, une r\u00e9flexion philosophique sous une apparence burlesque.\u00a0\u00ab\u00a0En voiture\u00a0\u00bb ensemble vers une fin\u00a0surprenante !<\/p>\n<\/div>\n<div>\n<div>Mise en sc\u00e8ne: C\u00e9cile Julienne et Yannick Raimbaud &#8211; Technique: Sa\u00efd\u00a0Ghamraoui-Talbi<\/div>\n<\/div>\n<\/div>\n<\/div>\n<\/div>\n<\/div>\n<\/div>\n<\/div>\n<\/div>\n<\/div>\n<\/div>\n<div><\/div>\n<div><img loading=\"lazy\" decoding=\"async\" class=\"alignnone size-medium wp-image-551\" src=\"https:\/\/nortassociations.fr\/wp-content\/uploads\/2022\/10\/310666231_486335086710987_7380702387076772981_n-300x225.jpg\" alt=\"\" width=\"300\" height=\"225\" \/><\/div>\n<div>cliquer sur l&rsquo;image pour la voir en grand<\/div>\n","protected":false},"excerpt":{"rendered":"<p>OIREE THEATRE SOLIDARITE UKRAINEsamedi 29 octobre 2022 \u00e0 19H30 \u00a0 Le Comit\u00e9 de Jumelage de Nort sur Erdre vous propose une soir\u00e9e th\u00e9\u00e2tre au b\u00e9n\u00e9fice des r\u00e9fugi\u00e9s Ukrainiens \u00e0 Maieru, notre ville jumelle Roumaine, situ\u00e9e \u00e0 20 km(\u00e0 vol d&rsquo;oiseau) de la fronti\u00e8re Ukrainienne. \u00a0 Salle des Loisirs, \u00e0 Nort-sur-Erdre. Deux troupes, Sc\u00e8n&rsquo;Eclose et les &hellip; <a href=\"https:\/\/nortassociations.fr\/index.php\/theatre\/\" class=\"more-link\">Continuer la lecture<span class=\"screen-reader-text\"> de &laquo;&nbsp;th\u00e9\u00e2tre&nbsp;&raquo;<\/span><\/a><\/p>\n","protected":false},"author":1,"featured_media":0,"parent":0,"menu_order":0,"comment_status":"closed","ping_status":"closed","template":"","meta":{"footnotes":""},"class_list":["post-555","page","type-page","status-publish","hentry"],"_links":{"self":[{"href":"https:\/\/nortassociations.fr\/index.php\/wp-json\/wp\/v2\/pages\/555","targetHints":{"allow":["GET"]}}],"collection":[{"href":"https:\/\/nortassociations.fr\/index.php\/wp-json\/wp\/v2\/pages"}],"about":[{"href":"https:\/\/nortassociations.fr\/index.php\/wp-json\/wp\/v2\/types\/page"}],"author":[{"embeddable":true,"href":"https:\/\/nortassociations.fr\/index.php\/wp-json\/wp\/v2\/users\/1"}],"replies":[{"embeddable":true,"href":"https:\/\/nortassociations.fr\/index.php\/wp-json\/wp\/v2\/comments?post=555"}],"version-history":[{"count":1,"href":"https:\/\/nortassociations.fr\/index.php\/wp-json\/wp\/v2\/pages\/555\/revisions"}],"predecessor-version":[{"id":558,"href":"https:\/\/nortassociations.fr\/index.php\/wp-json\/wp\/v2\/pages\/555\/revisions\/558"}],"wp:attachment":[{"href":"https:\/\/nortassociations.fr\/index.php\/wp-json\/wp\/v2\/media?parent=555"}],"curies":[{"name":"wp","href":"https:\/\/api.w.org\/{rel}","templated":true}]}}