{"id":265,"date":"2022-06-12T21:35:28","date_gmt":"2022-06-12T19:35:28","guid":{"rendered":"https:\/\/nortassociations.fr\/?page_id=265"},"modified":"2026-03-13T15:49:51","modified_gmt":"2026-03-13T14:49:51","slug":"services","status":"publish","type":"page","link":"https:\/\/nortassociations.fr\/index.php\/services\/","title":{"rendered":"Services"},"content":{"rendered":"<h2 style=\"text-align: center;\"><b>ADAPEILA<\/b><\/h2>\n<div style=\"text-align: center;\">( Foyer de vie pour adulte en situation de handicap)<\/div>\n<div style=\"text-align: center;\"><span style=\"color: #000080; font-family: Trebuchet MS; font-size: large;\">Contact : 02.51.12.65.38<\/span><\/div>\n<div style=\"text-align: center;\"><span style=\"color: #000080; font-family: Trebuchet MS; font-size: large;\">Chemin de Noz\u00e9a Nort sur Erdre<\/span><\/div>\n<div style=\"text-align: center;\"><span style=\"color: #000080; font-family: Trebuchet MS; font-size: large;\">Mail :\u00a0<a href=\"mailto:fdvchemindelerdre@adapeila.fr\" target=\"_blank\" rel=\"noopener\">fdvchemindelerdre@adapeila.fr<\/a><\/span><\/div>\n<h2 style=\"text-align: center;\"><b>ADPC<\/b><b>44\u00a0(Secouris<\/b><b>me<\/b><b>)<\/b><\/h2>\n<p style=\"text-align: center;\"><i>Formations aux premiers secours &#8211;<\/i><\/p>\n<p style=\"text-align: center;\"><i>pr\u00e9sence aux postes de secours pendant les manifestations des associations<\/i><\/p>\n<div dir=\"auto\" style=\"text-align: center;\">Responsable d&rsquo;antenne : Neven Chasserieau<\/div>\n<div dir=\"auto\" style=\"text-align: center;\"><\/div>\n<div dir=\"auto\" style=\"text-align: center;\"><a href=\"mailto:neven.chasserieau@loire-atlantique.protection-civile.org\" target=\"_blank\" rel=\"noopener\">neven.chasserieau@loire-<wbr \/>atlantique.protection-civile.<wbr \/>org<\/a><\/div>\n<div dir=\"auto\" style=\"text-align: center;\"><\/div>\n<div dir=\"auto\" style=\"text-align: center;\">Responsable formations et de postes de secours : St\u00e9phanie Chasserieau<\/div>\n<div dir=\"auto\" style=\"text-align: center;\"><\/div>\n<div dir=\"auto\" style=\"text-align: center;\"><a href=\"mailto:stephanie.chasserieau@loire-atlantique.protection-civile.org\" target=\"_blank\" rel=\"noopener\">stephanie.chasserieau@loire-<wbr \/>atlantique.protection-civile.<wbr \/>org<\/a><\/div>\n<p style=\"text-align: center;\"><i>\u00a0 \u00a0 \u00a0 \u00a0 \u00a0 \u00a0 \u00a0 \u00a0 \u00a0 \u00a0 \u00a0<\/i><\/p>\n<p style=\"text-align: center;\"><i>Contact:\u00a0 \u00a0 \u00a0 <a href=\"mailto:nort-sur-erdre@loire-atlantique.protection-civile.org\" target=\"_blank\" rel=\"noopener\">nort-sur-erdre@loire-<wbr \/>atlantique.protection-civile.<wbr \/>org<\/a>\u00a0\u00a0\u00a0\u00a0 \u00a0\u00a0\u00a0\u00a0\u00a0\u00a0\u00a0\u00a0\u00a0\u00a0\u00a0<\/i><i>\u00a0\u00a0\u00a0\u00a0\u00a0\u00a0\u00a0\u00a0\u00a0\u00a0\u00a0\u00a0\u00a0\u00a0\u00a0\u00a0\u00a0\u00a0\u00a0\u00a0\u00a0\u00a0\u00a0\u00a0\u00a0\u00a0\u00a0\u00a0\u00a0\u00a0\u00a0\u00a0\u00a0\u00a0\u00a0\u00a0\u00a0\u00a0<\/i><\/p>\n<h2 style=\"text-align: center;\"><b>ADMR<\/b><\/h2>\n<p style=\"text-align: center;\"><i>Aide \u00e0 domicile<\/i><\/p>\n<p style=\"text-align: center;\">Contact :\u00a0nortancenis@fede44.admr.org\u00a0\u00a0\u00a0\u00a0\u00a0\u00a0\u00a0\u00a0\u00a0\u00a0\u00a0\u00a0\u00a0(\u00a0\u00a002.40.29.53.32<\/p>\n<p style=\"text-align: center;\"><i>\u00a0<\/i><\/p>\n<h2 style=\"text-align: center;\"><i>\u00a0<\/i><b>ANAPA<\/b><\/h2>\n<p style=\"text-align: center;\"><i>Association Nortaise d&rsquo;Aide aux Personnes Ag\u00e9es.<\/i><\/p>\n<p style=\"text-align: center;\"><i>A<\/i><i>nimation en maison de retraite.<\/i><\/p>\n<p style=\"text-align: center;\">\u00a0Contact :\u00a0Genevi\u00e8ve BLOND\u00a0 \u00a0\u00a0\u00a0\u00a0\u00a0\u00a0(\u00a002.40.72.20.99<\/p>\n<h2 style=\"text-align: center;\"><b>ADT<\/b><b>\u00a044<\/b><\/h2>\n<p style=\"text-align: center;\"><i>Aide \u00e0 Domicile pour Tous<\/i><\/p>\n<p style=\"text-align: center;\">\u00a0<i>Contact :\u00a0<\/i><i>\u00a0Sabrina SALAUN\u00a0\u00a0\u00a0\u00a0\u00a0\u00a0\u00a0\u00a0\u00a0\u00a0\u00a0(\u00a0\u00a0\u00a0<\/i>02.40.51.91.17<\/p>\n<p style=\"text-align: center;\"><i>adt@aideadomicilepourtous.org<\/i><\/p>\n<p style=\"text-align: center;\"><i>Site :\u00a0<a href=\"https:\/\/www.aideadomicilepourtous.org\">https:\/\/\u200bwww.\u200baid\u200beado\u200bmici\u200blepo\u200burto\u200bus.\u200borg<\/a><\/i><\/p>\n<h2 style=\"text-align: center;\"><b>ANCRE<\/b><\/h2>\n<p style=\"text-align: center;\"><i>Association nortaise des ch\u00f4meurs en recherche d\u2019emploi<\/i><\/p>\n<p style=\"text-align: center;\"><i>L\u2019ANCRE est situ\u00e9e \u00e0 la Maison de l\u2019emploi de Nort sur Erdre. L\u2019Association intervient sur le canton de Nort sur Erdre, et sur la commune de Lign\u00e9 et porte une association interm\u00e9diaire et un chantier d\u2019insertion \u00ab Les Jardins d\u2019Avenir \u00bb. C\u2019est une structure d\u2019insertion par l\u2019activit\u00e9 \u00e9conomique qui agit pour l\u2019insertion sociale et professionnelle des demandeurs\u00a0d\u2019emploi et qui\u00a0propose des mises en situation de travail.<\/i><\/p>\n<p style=\"text-align: center;\">2 bis Place du Champ de Foire<\/p>\n<p style=\"text-align: center;\">Contact :\u00a0Secr\u00e9tariat\u00a0maison emploi\u00a0\u00a0\u00a0\u00a0\u00a0\u00a0(\u00a0\u00a002.40.29.57.60<\/p>\n<p style=\"text-align: center;\">contact@ancre44.fr<\/p>\n<p style=\"text-align: center;\">Site :\u00a0<a href=\"http:\/\/www.ancre44.fr\">www.\u200bancre44.\u200bfr<\/a><\/p>\n<h2 style=\"text-align: center;\"><b>FNATH<\/b><\/h2>\n<p style=\"text-align: center;\"><i>F\u00e9d\u00e9ration Nationale des Accident\u00e9s du Travail et Handicap\u00e9s<\/i><\/p>\n<p style=\"text-align: center;\">Contact :<a href=\"mailto:groupement@fnath5629.org\" target=\"_blank\" rel=\"noopener\">groupement@fnath5629.org<\/a><\/p>\n<p style=\"text-align: center;\">Site\u00a0:\u00a0<a href=\"http:\/\/fnath.org\/\" target=\"_blank\" rel=\"noopener\" data-saferedirecturl=\"https:\/\/www.google.com\/url?q=http:\/\/fnath.org&amp;source=gmail&amp;ust=1680273938127000&amp;usg=AOvVaw0pUqKWfqcYuq6FVmTFLIBV\">fnath.org<\/a><\/p>\n<h2 style=\"text-align: center;\"><b>Centre M\u00e9dico Social<\/b><\/h2>\n<p style=\"text-align: center;\">Contact :\u00a0contact@loire-atlantique.fr\u00a0\u00a0\u00a0\u00a0(\u00a002.40.29.54.35<\/p>\n<h2 style=\"text-align: center;\"><b>T.S.N. &#8211; Transport Solidaire Nortais<\/b><\/h2>\n<p style=\"text-align: center;\"><i><span data-sheets-value=\"{&quot;1&quot;:2,&quot;2&quot;:&quot;Une \u00e9quipe de conducteurs b\u00e9n\u00e9voles qui r\u00e9pond aux besoins de personnes isol\u00e9es ou n'ayant pas ou plus de moyens de transport pour se rendre \u00e0 des rendez-vous m\u00e9dicaux, sociaux ou administratifs, faire des courses, etc...&quot;}\" data-sheets-userformat=\"{&quot;2&quot;:14721,&quot;3&quot;:{&quot;1&quot;:0,&quot;3&quot;:1},&quot;10&quot;:1,&quot;11&quot;:4,&quot;14&quot;:{&quot;1&quot;:3,&quot;3&quot;:1},&quot;15&quot;:&quot;Calibri&quot;,&quot;16&quot;:8}\">Une \u00e9quipe de conducteurs b\u00e9n\u00e9voles qui r\u00e9pond aux besoins de personnes isol\u00e9es ou n&rsquo;ayant pas ou plus de moyens de transport pour se rendre \u00e0 des rendez-vous m\u00e9dicaux, sociaux ou administratifs, faire des courses, etc&#8230;<\/span><\/i><\/p>\n<p style=\"text-align: center;\">Contact : Maryannick BRUMM\u00a0 \u00a0\u00a0\u00a0\u00a0\u00a0\u00a0(\u00a0\u00a006.64.27.38.77 \u00a0\u00a0\u00a0\u00a0\u00a0\u00a0\u00a0\u00a0\u00a0\u00a0\u00a0\u00a0\u00a0\u00a0(\u00a007.84.68.18.82<\/p>\n<p style=\"text-align: center;\">transport.solidaire.nortais@gmail.com<\/p>\n","protected":false},"excerpt":{"rendered":"<p>ADAPEILA ( Foyer de vie pour adulte en situation de handicap) Contact : 02.51.12.65.38 Chemin de Noz\u00e9a Nort sur Erdre Mail :\u00a0fdvchemindelerdre@adapeila.fr ADPC44\u00a0(Secourisme) Formations aux premiers secours &#8211; pr\u00e9sence aux postes de secours pendant les manifestations des associations Responsable d&rsquo;antenne : Neven Chasserieau neven.chasserieau@loire-atlantique.protection-civile.org Responsable formations et de postes de secours : St\u00e9phanie Chasserieau stephanie.chasserieau@loire-atlantique.protection-civile.org &hellip; <a href=\"https:\/\/nortassociations.fr\/index.php\/services\/\" class=\"more-link\">Continuer la lecture<span class=\"screen-reader-text\"> de &laquo;&nbsp;Services&nbsp;&raquo;<\/span><\/a><\/p>\n","protected":false},"author":1,"featured_media":0,"parent":0,"menu_order":0,"comment_status":"closed","ping_status":"closed","template":"","meta":{"footnotes":""},"class_list":["post-265","page","type-page","status-publish","hentry"],"_links":{"self":[{"href":"https:\/\/nortassociations.fr\/index.php\/wp-json\/wp\/v2\/pages\/265","targetHints":{"allow":["GET"]}}],"collection":[{"href":"https:\/\/nortassociations.fr\/index.php\/wp-json\/wp\/v2\/pages"}],"about":[{"href":"https:\/\/nortassociations.fr\/index.php\/wp-json\/wp\/v2\/types\/page"}],"author":[{"embeddable":true,"href":"https:\/\/nortassociations.fr\/index.php\/wp-json\/wp\/v2\/users\/1"}],"replies":[{"embeddable":true,"href":"https:\/\/nortassociations.fr\/index.php\/wp-json\/wp\/v2\/comments?post=265"}],"version-history":[{"count":10,"href":"https:\/\/nortassociations.fr\/index.php\/wp-json\/wp\/v2\/pages\/265\/revisions"}],"predecessor-version":[{"id":1621,"href":"https:\/\/nortassociations.fr\/index.php\/wp-json\/wp\/v2\/pages\/265\/revisions\/1621"}],"wp:attachment":[{"href":"https:\/\/nortassociations.fr\/index.php\/wp-json\/wp\/v2\/media?parent=265"}],"curies":[{"name":"wp","href":"https:\/\/api.w.org\/{rel}","templated":true}]}}