{"id":190,"date":"2022-06-07T18:43:12","date_gmt":"2022-06-07T16:43:12","guid":{"rendered":"http:\/\/jjwltzt.cluster030.hosting.ovh.net\/?page_id=190"},"modified":"2025-03-31T20:07:53","modified_gmt":"2025-03-31T18:07:53","slug":"adhesions","status":"publish","type":"page","link":"https:\/\/nortassociations.fr\/index.php\/adhesions\/","title":{"rendered":"adh\u00e9sions"},"content":{"rendered":"<div class=\"files_desc rpd-p1 rpd-ipb\">Vous d\u00e9sirez adh\u00e9rer a Nort-Associations ou vous n&rsquo;avez pas re\u00e7u votre bulletin.<br \/>\n<strong>ATTENTION<\/strong> nouveau renseignement <strong>LE REFERENT<\/strong> personne en lien avec Nort-asso pour diffusion des informations.<br \/>\nvous pouvez les t\u00e9l\u00e9charger directement ici;<br \/>\n<a href=\"https:\/\/nortassociations.fr\/wp-content\/uploads\/2025\/03\/Bulletin_Adhesion_2025.docx\">Bulletin_Adh\u00e9sion_2025<\/a>\u00a0 docx<\/div>\n<div><\/div>\n<div class=\"files_desc rpd-p1 rpd-ipb\"><a href=\"https:\/\/nortassociations.fr\/wp-content\/uploads\/2025\/03\/Bulletin_Adhesion_2025.pdf\">Bulletin_Adh\u00e9sion_2025<\/a>\u00a0 \u00a0pdf<\/div>\n<div class=\"files_files rpd-list rpd-p1\">\n<div class=\"qsn_filestable\">\n<p>&nbsp;<\/p>\n<\/div>\n<\/div>\n","protected":false},"excerpt":{"rendered":"<p>Vous d\u00e9sirez adh\u00e9rer a Nort-Associations ou vous n&rsquo;avez pas re\u00e7u votre bulletin. ATTENTION nouveau renseignement LE REFERENT personne en lien avec Nort-asso pour diffusion des informations. vous pouvez les t\u00e9l\u00e9charger directement ici; Bulletin_Adh\u00e9sion_2025\u00a0 docx Bulletin_Adh\u00e9sion_2025\u00a0 \u00a0pdf &nbsp;<\/p>\n","protected":false},"author":1,"featured_media":0,"parent":0,"menu_order":0,"comment_status":"closed","ping_status":"closed","template":"","meta":{"footnotes":""},"class_list":["post-190","page","type-page","status-publish","hentry"],"_links":{"self":[{"href":"https:\/\/nortassociations.fr\/index.php\/wp-json\/wp\/v2\/pages\/190","targetHints":{"allow":["GET"]}}],"collection":[{"href":"https:\/\/nortassociations.fr\/index.php\/wp-json\/wp\/v2\/pages"}],"about":[{"href":"https:\/\/nortassociations.fr\/index.php\/wp-json\/wp\/v2\/types\/page"}],"author":[{"embeddable":true,"href":"https:\/\/nortassociations.fr\/index.php\/wp-json\/wp\/v2\/users\/1"}],"replies":[{"embeddable":true,"href":"https:\/\/nortassociations.fr\/index.php\/wp-json\/wp\/v2\/comments?post=190"}],"version-history":[{"count":16,"href":"https:\/\/nortassociations.fr\/index.php\/wp-json\/wp\/v2\/pages\/190\/revisions"}],"predecessor-version":[{"id":1453,"href":"https:\/\/nortassociations.fr\/index.php\/wp-json\/wp\/v2\/pages\/190\/revisions\/1453"}],"wp:attachment":[{"href":"https:\/\/nortassociations.fr\/index.php\/wp-json\/wp\/v2\/media?parent=190"}],"curies":[{"name":"wp","href":"https:\/\/api.w.org\/{rel}","templated":true}]}}